{"id":21,"date":"2024-05-07T07:44:12","date_gmt":"2024-05-07T07:44:12","guid":{"rendered":"https:\/\/marclins.com\/?page_id=21"},"modified":"2025-08-27T06:08:48","modified_gmt":"2025-08-27T06:08:48","slug":"contact","status":"publish","type":"page","link":"https:\/\/marclins.com\/de\/contact\/","title":{"rendered":"Kontakt"},"content":{"rendered":"<section class=\"gb-container gb-container-61da0551 sec-archive-top\">\n<div class=\"gb-container gb-container-5ed6c259 div-inner-100\">\n\n<h1 class=\"gb-headline gb-headline-077aae50 gb-headline-text h1-project-title\">Kontakt<\/h1>\n\n<\/div>\n<\/section>\n\n<section class=\"gb-container gb-container-4633c4da\">\n<div class=\"gb-container gb-container-59fe5d21\">\n<div class=\"gb-container gb-container-01db0940\">\n\n<h3 class=\"gb-headline gb-headline-be7bc00d gb-headline-text h1-project-title\">Schweiz<\/h3>\n\n\n\n<p class=\"gb-headline gb-headline-65692bd3 gb-headline-text paragraph-bottom-space\">M\u00fcnchhaldenstrasse 30<br>8008 Z\u00fcrich, Schweiz<br><\/p>\n\n<\/div>\n\n<div class=\"gb-container gb-container-e39641db\">\n\n<h3 class=\"gb-headline gb-headline-45dc3892 gb-headline-text h1-project-title\">\u00d6sterreich<\/h3>\n\n\n\n<p class=\"gb-headline gb-headline-15ad6815 gb-headline-text paragraph-bottom-space\">Karlsgasse 3 \/ 17<br>1030 Wien, \u00d6sterreich<br><\/p>\n\n<\/div>\n\n<div class=\"gb-container gb-container-8b2d4303\">\n\n<h3 class=\"gb-headline gb-headline-a49a622b gb-headline-text h1-project-title\">Spanien<\/h3>\n\n\n\n<p class=\"gb-headline gb-headline-d243faf1 gb-headline-text paragraph-bottom-space\">Carrer de Vel\u00e1zquez 9, Atico 1<br>08930 Sant Adri\u00e0 de Bes\u00f2s, Barcelona, Espa\u00f1a<br><\/p>\n\n<\/div>\n\n<div class=\"gb-container gb-container-86fed72e\">\n<p>Email: <a href=\"mailto:photographer@marclins.com\" class=\"email-encrypt\">photographer@marclins.com<\/a><\/p>\n\n<\/div>\n<\/div>\n\n<div class=\"gb-container gb-container-1292a852\">\n\n<h3 class=\"gb-headline gb-headline-bd688ef7 gb-headline-text h1-project-title\">Email Formular<\/h3>\n\n\n<style>.wp-block-kadence-advanced-form21_18a2e8-c9 .kb-advanced-form input[type=text],.wp-block-kadence-advanced-form21_18a2e8-c9 .kb-advanced-form input[type=tel],.wp-block-kadence-advanced-form21_18a2e8-c9 .kb-advanced-form input[type=number],.wp-block-kadence-advanced-form21_18a2e8-c9 .kb-advanced-form input[type=date],.wp-block-kadence-advanced-form21_18a2e8-c9 .kb-advanced-form input[type=time],.wp-block-kadence-advanced-form21_18a2e8-c9 .kb-advanced-form input[type=email],.wp-block-kadence-advanced-form21_18a2e8-c9 .kb-advanced-form input[type=file],.wp-block-kadence-advanced-form21_18a2e8-c9 .kb-advanced-form select,.wp-block-kadence-advanced-form21_18a2e8-c9 .kb-advanced-form textarea{font-size:var(--global-kb-font-size-md, 1.25rem);color:var(--base);border-top:1px solid var(--base);border-right:1px solid var(--base);border-bottom:1px solid var(--base);border-left:1px solid var(--base);border-top-left-radius:0px;border-top-right-radius:0px;border-bottom-right-radius:0px;border-bottom-left-radius:0px;padding-top:14px;padding-bottom:14px;}.wp-block-kadence-advanced-form21_18a2e8-c9{--kb-form-text-color:var(--base);--kb-form-background-color:rgba(242,242,242,0);--kb-form-border-width:1px;--kb-form-border-color:var(--base);}.wp-block-kadence-advanced-form21_18a2e8-c9{--kb-form-placeholder-color:#999999;}.wp-block-kadence-advanced-form21_18a2e8-c9 input[type=text]:focus,.wp-block-kadence-advanced-form21_18a2e8-c9 input[type=email]:focus,.wp-block-kadence-advanced-form21_18a2e8-c9 input[type=tel]:focus,.wp-block-kadence-advanced-form21_18a2e8-c9 input[type=date]:focus,.wp-block-kadence-advanced-form21_18a2e8-c9 input[type=number]:focus,.wp-block-kadence-advanced-form21_18a2e8-c9 input[type=time]:focus,.wp-block-kadence-advanced-form21_18a2e8-c9 input[type=file]:focus,.wp-block-kadence-advanced-form21_18a2e8-c9 select:focus,.wp-block-kadence-advanced-form21_18a2e8-c9 textarea:focus{color:var(--base);border-color:#ffffff;background:rgba(230,230,230,0.1);}.wp-block-kadence-advanced-form21_18a2e8-c9 .kb-adv-form-message{font-size:var(--global-kb-font-size-sm, 0.9rem);}.wp-block-kadence-advanced-form21_18a2e8-c9 .kb-adv-form-success{border-top:1px solid #225d10;border-right:1px solid #225d10;border-bottom:1px solid #225d10;border-left:1px solid #225d10;color:#225d10;background:#c6ebb8;}.wp-block-kadence-advanced-form21_18a2e8-c9 .kb-adv-form-warning{border-top:1px solid #8b4012;border-right:1px solid #8b4012;border-bottom:1px solid #8b4012;border-left:1px solid #8b4012;color:#8b4012;background:#e9d2c4;}@media all and (max-width: 1024px){.wp-block-kadence-advanced-form21_18a2e8-c9 .kb-advanced-form input[type=text],.wp-block-kadence-advanced-form21_18a2e8-c9 .kb-advanced-form input[type=tel],.wp-block-kadence-advanced-form21_18a2e8-c9 .kb-advanced-form input[type=number],.wp-block-kadence-advanced-form21_18a2e8-c9 .kb-advanced-form input[type=date],.wp-block-kadence-advanced-form21_18a2e8-c9 .kb-advanced-form input[type=time],.wp-block-kadence-advanced-form21_18a2e8-c9 .kb-advanced-form input[type=email],.wp-block-kadence-advanced-form21_18a2e8-c9 .kb-advanced-form input[type=file],.wp-block-kadence-advanced-form21_18a2e8-c9 .kb-advanced-form select,.wp-block-kadence-advanced-form21_18a2e8-c9 .kb-advanced-form textarea{border-top:1px solid var(--base);border-right:1px solid var(--base);border-bottom:1px solid var(--base);border-left:1px solid var(--base);}}@media all and (max-width: 1024px){.wp-block-kadence-advanced-form21_18a2e8-c9 .kb-adv-form-success{border-top:1px solid #225d10;border-right:1px solid #225d10;border-bottom:1px solid #225d10;border-left:1px solid #225d10;}}@media all and (max-width: 1024px){.wp-block-kadence-advanced-form21_18a2e8-c9 .kb-adv-form-warning{border-top:1px solid #8b4012;border-right:1px solid #8b4012;border-bottom:1px solid #8b4012;border-left:1px solid #8b4012;}}@media all and (max-width: 767px){.wp-block-kadence-advanced-form21_18a2e8-c9 .kb-advanced-form input[type=text],.wp-block-kadence-advanced-form21_18a2e8-c9 .kb-advanced-form input[type=tel],.wp-block-kadence-advanced-form21_18a2e8-c9 .kb-advanced-form input[type=number],.wp-block-kadence-advanced-form21_18a2e8-c9 .kb-advanced-form input[type=date],.wp-block-kadence-advanced-form21_18a2e8-c9 .kb-advanced-form input[type=time],.wp-block-kadence-advanced-form21_18a2e8-c9 .kb-advanced-form input[type=email],.wp-block-kadence-advanced-form21_18a2e8-c9 .kb-advanced-form input[type=file],.wp-block-kadence-advanced-form21_18a2e8-c9 .kb-advanced-form select,.wp-block-kadence-advanced-form21_18a2e8-c9 .kb-advanced-form textarea{border-top:1px solid var(--base);border-right:1px solid var(--base);border-bottom:1px solid var(--base);border-left:1px solid var(--base);}.wp-block-kadence-advanced-form21_18a2e8-c9 .kb-adv-form-success{border-top:1px solid #225d10;border-right:1px solid #225d10;border-bottom:1px solid #225d10;border-left:1px solid #225d10;}.wp-block-kadence-advanced-form21_18a2e8-c9 .kb-adv-form-warning{border-top:1px solid #8b4012;border-right:1px solid #8b4012;border-bottom:1px solid #8b4012;border-left:1px solid #8b4012;}}<\/style><div class=\"wp-block-kadence-advanced-form wp-block-kadence-advanced-form21_18a2e8-c9 kb-adv-form-label-style-normal kb-adv-form-input-size-small kb-form-basic-style contact-form wp-block-kadence-advanced-form\"><form class=\"kb-advanced-form\" method=\"post\" data-error-message=\"Please fill out the required fields marked with an *\" data-kb-events=\"yes\" action=\"\">\n<style>.kb-row-layout-wrap.wp-block-kadence-rowlayout.kb-row-layout-id21_507dbd-3c{margin-bottom:0px;margin-top:2em;}.kb-row-layout-id21_507dbd-3c > .kt-row-column-wrap{align-content:start;}:where(.kb-row-layout-id21_507dbd-3c > .kt-row-column-wrap) > .wp-block-kadence-column{justify-content:start;}.kb-row-layout-id21_507dbd-3c > .kt-row-column-wrap{column-gap:var(--global-kb-gap-md, 2rem);row-gap:var(--global-kb-gap-md, 2rem);padding-top:0px;padding-right:0px;padding-bottom:0px;padding-left:0px;grid-template-columns:minmax(0, 1fr);}.kb-row-layout-id21_507dbd-3c > .kt-row-layout-overlay{opacity:0.30;}@media all and (max-width: 1024px){.kb-row-layout-id21_507dbd-3c > .kt-row-column-wrap{grid-template-columns:minmax(0, 1fr);}}@media all and (max-width: 767px){.kb-row-layout-id21_507dbd-3c > .kt-row-column-wrap{row-gap:25px;grid-template-columns:minmax(0, 1fr);}}<\/style><div class=\"kb-row-layout-wrap kb-row-layout-id21_507dbd-3c alignnone wp-block-kadence-rowlayout\"><div class=\"kt-row-column-wrap kt-has-1-columns kt-row-layout-equal kt-tab-layout-inherit kt-mobile-layout-row kt-row-valign-top\">\n<style>.kadence-column21_36fa79-5b > .kt-inside-inner-col,.kadence-column21_36fa79-5b > .kt-inside-inner-col:before{border-top-left-radius:0px;border-top-right-radius:0px;border-bottom-right-radius:0px;border-bottom-left-radius:0px;}.kadence-column21_36fa79-5b > .kt-inside-inner-col{column-gap:var(--global-kb-gap-sm, 1rem);}.kadence-column21_36fa79-5b > .kt-inside-inner-col{flex-direction:column;}.kadence-column21_36fa79-5b > .kt-inside-inner-col > .aligncenter{width:100%;}.kadence-column21_36fa79-5b > .kt-inside-inner-col:before{opacity:0.3;}.kadence-column21_36fa79-5b{position:relative;}@media all and (max-width: 1024px){.kadence-column21_36fa79-5b > .kt-inside-inner-col{flex-direction:column;}}@media all and (max-width: 767px){.kadence-column21_36fa79-5b > .kt-inside-inner-col{flex-direction:column;}}<\/style>\n<div class=\"wp-block-kadence-column kadence-column21_36fa79-5b kb-section-dir-vertical\"><div class=\"kt-inside-inner-col\"><div class=\"kb-adv-form-field kb-adv-form-text-type-input kb-adv-form-infield-type-input kb-field145024a6a9-a2 wp-block-kadence-advanced-form-text\"><span id=\"aria-describe145024a6a9-a2\" class=\"kb-form-aria-describe screen-reader-text\">Name field<\/span><input name=\"field24a6a9-a2\" id=\"field145024a6a9-a2\" aria-describedby=\"#aria-describe145024a6a9-a2\" data-label=\"Name\" type=\"text\" placeholder=\"Ihr Name*\" value=\"\" data-type=\"text\" class=\"kb-field kb-text-field\" data-required=\"yes\" required aria-required=\"true\" aria-label=\"Name\"\/><\/div><\/div><\/div>\n\n\n<style>.kadence-column21_1ddb4b-0d > .kt-inside-inner-col,.kadence-column21_1ddb4b-0d > .kt-inside-inner-col:before{border-top-left-radius:0px;border-top-right-radius:0px;border-bottom-right-radius:0px;border-bottom-left-radius:0px;}.kadence-column21_1ddb4b-0d > .kt-inside-inner-col{column-gap:var(--global-kb-gap-sm, 1rem);}.kadence-column21_1ddb4b-0d > .kt-inside-inner-col{flex-direction:column;}.kadence-column21_1ddb4b-0d > .kt-inside-inner-col > .aligncenter{width:100%;}.kadence-column21_1ddb4b-0d > .kt-inside-inner-col:before{opacity:0.3;}.kadence-column21_1ddb4b-0d{position:relative;}@media all and (max-width: 1024px){.kadence-column21_1ddb4b-0d > .kt-inside-inner-col{flex-direction:column;}}@media all and (max-width: 767px){.kadence-column21_1ddb4b-0d > .kt-inside-inner-col{flex-direction:column;}}<\/style>\n<div class=\"wp-block-kadence-column kadence-column21_1ddb4b-0d\"><div class=\"kt-inside-inner-col\"><div class=\"kb-adv-form-field kb-adv-form-text-type-input kb-adv-form-infield-type-input kb-field1450d08ce4-91 wp-block-kadence-advanced-form-email\"><input name=\"fieldd08ce4-91\" id=\"field1450d08ce4-91\" aria-describedby=\"#aria-describe1450d08ce4-91\" data-label=\"Email\" type=\"email\" placeholder=\"Email Adresse*\" value=\"\" data-type=\"email\" class=\"kb-field kb-email-field\" data-required=\"yes\" required aria-required=\"true\" aria-label=\"Email\"\/><span id=\"aria-describe1450d08ce4-91\" class=\"kb-form-aria-describe screen-reader-text\">Email address field<\/span><\/div><\/div><\/div>\n\n\n<style>.kadence-column21_588cb5-20 > .kt-inside-inner-col,.kadence-column21_588cb5-20 > .kt-inside-inner-col:before{border-top-left-radius:0px;border-top-right-radius:0px;border-bottom-right-radius:0px;border-bottom-left-radius:0px;}.kadence-column21_588cb5-20 > .kt-inside-inner-col{column-gap:var(--global-kb-gap-sm, 1rem);}.kadence-column21_588cb5-20 > .kt-inside-inner-col{flex-direction:column;}.kadence-column21_588cb5-20 > .kt-inside-inner-col > .aligncenter{width:100%;}.kadence-column21_588cb5-20 > .kt-inside-inner-col:before{opacity:0.3;}.kadence-column21_588cb5-20{position:relative;}@media all and (max-width: 1024px){.kadence-column21_588cb5-20 > .kt-inside-inner-col{flex-direction:column;}}@media all and (max-width: 767px){.kadence-column21_588cb5-20 > .kt-inside-inner-col{flex-direction:column;}}<\/style>\n<div class=\"wp-block-kadence-column kadence-column21_588cb5-20 kb-section-dir-vertical\"><div class=\"kt-inside-inner-col\"><div class=\"kb-adv-form-field kb-adv-form-text-type-input kb-adv-form-infield-type-input kb-field1450600869-4d wp-block-kadence-advanced-form-telephone\"><span id=\"aria-describe1450600869-4d\" class=\"kb-form-aria-describe screen-reader-text\">Phone number field<\/span><input name=\"field600869-4d\" id=\"field1450600869-4d\" aria-describedby=\"#aria-describe1450600869-4d\" data-label=\"Phone number\" type=\"tel\" placeholder=\"Telefonnummer (Optional)\" value=\"\" data-type=\"tel\" class=\"kb-field kb-tel-field\" data-required=\"no\" aria-label=\"Phone number\"\/><\/div><\/div><\/div>\n\n\n<style>.kadence-column21_cc653f-73 > .kt-inside-inner-col,.kadence-column21_cc653f-73 > .kt-inside-inner-col:before{border-top-left-radius:0px;border-top-right-radius:0px;border-bottom-right-radius:0px;border-bottom-left-radius:0px;}.kadence-column21_cc653f-73 > .kt-inside-inner-col{column-gap:var(--global-kb-gap-sm, 1rem);}.kadence-column21_cc653f-73 > .kt-inside-inner-col{flex-direction:column;}.kadence-column21_cc653f-73 > .kt-inside-inner-col > .aligncenter{width:100%;}.kadence-column21_cc653f-73 > .kt-inside-inner-col:before{opacity:0.3;}.kadence-column21_cc653f-73{position:relative;}@media all and (max-width: 1024px){.kadence-column21_cc653f-73 > .kt-inside-inner-col{flex-direction:column;}}@media all and (max-width: 767px){.kadence-column21_cc653f-73 > .kt-inside-inner-col{flex-direction:column;}}<\/style>\n<div class=\"wp-block-kadence-column kadence-column21_cc653f-73 kb-section-dir-vertical\"><div class=\"kt-inside-inner-col\"><div class=\"kb-adv-form-field kb-adv-form-text-type-input kb-adv-form-infield-type-input kb-field145068409a-6c wp-block-kadence-advanced-form-text\"><span id=\"aria-describe145068409a-6c\" class=\"kb-form-aria-describe screen-reader-text\">Subject field<\/span><input name=\"field68409a-6c\" id=\"field145068409a-6c\" aria-describedby=\"#aria-describe145068409a-6c\" data-label=\"Subject\" type=\"text\" placeholder=\"Betreff\" value=\"\" data-type=\"text\" class=\"kb-field kb-text-field\" data-required=\"no\" aria-label=\"Betreff\"\/><\/div><\/div><\/div>\n\n<\/div><\/div>\n\n<div class=\"kb-adv-form-field kb-adv-form-text-type-input kb-adv-form-infield-type-input kb-field1450e04275-1b wp-block-kadence-advanced-form-textarea\"><span id=\"aria-describe1450e04275-1b\" class=\"kb-form-aria-describe screen-reader-text\">Message field<\/span><textarea name=\"fielde04275-1b\" id=\"field1450e04275-1b\" rows=\"5\"  aria-describedby=\"#aria-describe1450e04275-1b\" data-label=\"Message\" placeholder=\"Ihre Nachricht*\" data-type=\"textarea\" class=\"kb-field kb-textarea-field\" data-required=\"yes\" required aria-required=\"true\" aria-label=\"Message\"><\/textarea><\/div>\n\n<style>ul.menu .kb-submit-field .kb-btn8f9e46-1b.kb-button{width:initial;}.kb-submit-field .kb-btn8f9e46-1b.kb-button{color:var(--contrast-2);background:var(--base);font-size:var(--global-kb-font-size-md, 1.25rem);border-top-left-radius:3px;border-top-right-radius:3px;border-bottom-right-radius:3px;border-bottom-left-radius:3px;border-top:1px solid var(--base);border-right:1px solid var(--base);border-bottom:1px solid var(--base);border-left:1px solid var(--base);padding-top:15px;padding-right:30px;padding-bottom:15px;padding-left:30px;margin-top:1em;}.kb-submit-field .kb-btn8f9e46-1b.kb-button:hover{color:var(--base);background:rgba(242,242,242,0);border-top:1px solid var(--base);border-right:1px solid var(--base);border-bottom:1px solid var(--base);border-left:1px solid var(--base);}.kb-submit-field.kb-field8f9e46-1b{justify-content:flex-start;}@media all and (max-width: 1024px){.kb-submit-field .kb-btn8f9e46-1b.kb-button{border-top:1px solid var(--base);border-right:1px solid var(--base);border-bottom:1px solid var(--base);border-left:1px solid var(--base);}}@media all and (max-width: 1024px){.kb-submit-field .kb-btn8f9e46-1b.kb-button:hover{border-top:1px solid var(--base);border-right:1px solid var(--base);border-bottom:1px solid var(--base);border-left:1px solid var(--base);}}@media all and (max-width: 767px){.kb-submit-field .kb-btn8f9e46-1b.kb-button{border-top:1px solid var(--base);border-right:1px solid var(--base);border-bottom:1px solid var(--base);border-left:1px solid var(--base);}.kb-submit-field .kb-btn8f9e46-1b.kb-button:hover{border-top:1px solid var(--base);border-right:1px solid var(--base);border-bottom:1px solid var(--base);border-left:1px solid var(--base);}}<\/style><div class=\"kb-adv-form-field kb-submit-field kb-field8f9e46-1b wp-block-kadence-advanced-form-submit\"><button class=\"kb-button kt-button button kb-adv-form-submit-button kb-btn8f9e46-1b kt-btn-size-large kt-btn-width-type-auto kb-btn-global-fill kt-btn-has-text-true kt-btn-has-svg-false\" type=\"submit\"><span class=\"kt-btn-inner-text\">Absenden<\/span><\/button><\/div>\n<input type=\"hidden\" name=\"_kb_adv_form_post_id\" value=\"1450\"><input type=\"hidden\" name=\"action\" value=\"kb_process_advanced_form_submit\"><input type=\"hidden\" name=\"_kb_adv_form_id\" value=\"21_18a2e8-c9\"><input type=\"hidden\" name=\"trp-form-language\" value=\"de\"\/><\/form><\/div>\n<\/div>\n<\/section>","protected":false},"excerpt":{"rendered":"<p>Contact Switzerland M\u00fcnchhaldenstrasse 308008 Z\u00fcrich, Schweiz Austria Karlsgasse 3 \/ 171030 Wien, \u00d6sterreich Spain Carrer de Vel\u00e1zquez 9, Atico 108930 Sant Adri\u00e0 de Bes\u00f2s, Barcelona, Espa\u00f1a Email Form:<\/p>","protected":false},"author":1,"featured_media":0,"parent":0,"menu_order":6,"comment_status":"closed","ping_status":"closed","template":"","meta":{"_acf_changed":false,"inline_featured_image":false,"_kad_blocks_custom_css":"","_kad_blocks_head_custom_js":"","_kad_blocks_body_custom_js":"","_kad_blocks_footer_custom_js":"","footnotes":""},"class_list":{"0":"post-21","1":"page","2":"type-page","3":"status-publish","5":"no-featured-image-padding"},"acf":[],"taxonomy_info":[],"featured_image_src_large":false,"author_info":{"display_name":"Olex","author_link":"https:\/\/marclins.com\/de\/author\/olex\/"},"comment_info":0,"_links":{"self":[{"href":"https:\/\/marclins.com\/de\/wp-json\/wp\/v2\/pages\/21","targetHints":{"allow":["GET"]}}],"collection":[{"href":"https:\/\/marclins.com\/de\/wp-json\/wp\/v2\/pages"}],"about":[{"href":"https:\/\/marclins.com\/de\/wp-json\/wp\/v2\/types\/page"}],"author":[{"embeddable":true,"href":"https:\/\/marclins.com\/de\/wp-json\/wp\/v2\/users\/1"}],"replies":[{"embeddable":true,"href":"https:\/\/marclins.com\/de\/wp-json\/wp\/v2\/comments?post=21"}],"version-history":[{"count":27,"href":"https:\/\/marclins.com\/de\/wp-json\/wp\/v2\/pages\/21\/revisions"}],"predecessor-version":[{"id":5102,"href":"https:\/\/marclins.com\/de\/wp-json\/wp\/v2\/pages\/21\/revisions\/5102"}],"wp:attachment":[{"href":"https:\/\/marclins.com\/de\/wp-json\/wp\/v2\/media?parent=21"}],"curies":[{"name":"wp","href":"https:\/\/api.w.org\/{rel}","templated":true}]}}